{"id":7,"date":"2021-11-03T23:43:11","date_gmt":"2021-11-03T22:43:11","guid":{"rendered":"http:\/\/www.gechter.org\/blog\/?page_id=7"},"modified":"2023-08-15T22:33:03","modified_gmt":"2023-08-15T20:33:03","slug":"contact","status":"publish","type":"page","link":"https:\/\/gechter.org\/blog\/?page_id=7","title":{"rendered":"Contact"},"content":{"rendered":"\n<p>N&rsquo;h\u00e9sitez pas \u00e0 me contacter pour toute proposition ou toute question. J&rsquo;adore les interviews, j&rsquo;appr\u00e9cie grandement les conf\u00e9rences, je suis un fan des festivals, je kiffe les ateliers d&rsquo;\u00e9criture et je suis \u00e0 la disposition de tous mes lecteurs (dans les limites accord\u00e9es par mon emploi du temps).<\/p>\n\n\n\n<p><a href=\"https:\/\/gechter.org\/blog\">Retour \u00e0 la page d&rsquo;accueil<\/a><\/p>\n\n\n<div class=\"wp-block-jetpack-contact-form\"><a href=\"https:\/\/gechter.org\/blog\/?page_id=7\" target=\"_blank\" rel=\"noopener noreferrer\">Soumettre un formulaire.<\/a><\/div>\n\n\n<p>Vous pouvez aussi me suivre sur <a href=\"https:\/\/www.facebook.com\/olivier.gechter\">Facebook<\/a>, sur <a href=\"https:\/\/www.instagram.com\/oliviergechter\/\">Instagram<\/a> et sur <a href=\"https:\/\/imaginair.es\/home\">Mastodon<\/a> (@ogechter@imaginair.es). On peut aussi me trouver sur <a href=\"https:\/\/www.linkedin.com\/in\/gechter\/\">Linkedin<\/a>, mais je relaye moins les infos l\u00e0-bas. On verra si je m&rsquo;abonne \u00e0 Thread lorsqu&rsquo;il sera disponible en France. En revanche, on ne me trouvera pas sous X. J&rsquo;ai trop aim\u00e9 Twitter pour rester sur ce que ce r\u00e9seau est devenu.<\/p>\n\n\n\n<p><a href=\"https:\/\/gechter.org\/blog\">Retour \u00e0 la page d&rsquo;accueil<\/a><\/p>\n","protected":false},"excerpt":{"rendered":"<p>N&rsquo;h\u00e9sitez pas \u00e0 me contacter pour toute proposition ou toute question. J&rsquo;adore les interviews, j&rsquo;appr\u00e9cie grandement les conf\u00e9rences, je suis un fan des festivals, je kiffe les ateliers d&rsquo;\u00e9criture et je suis \u00e0 la disposition de tous mes lecteurs (dans les limites accord\u00e9es par mon emploi du temps). Retour \u00e0 la page d&rsquo;accueil Vous pouvez&hellip;&nbsp;<a href=\"https:\/\/gechter.org\/blog\/?page_id=7\" class=\"\" rel=\"bookmark\">Lire la suite &raquo;<span class=\"screen-reader-text\">Contact<\/span><\/a><\/p>\n","protected":false},"author":1,"featured_media":680,"parent":0,"menu_order":0,"comment_status":"closed","ping_status":"closed","template":"","meta":{"neve_meta_sidebar":"","neve_meta_container":"","neve_meta_enable_content_width":"","neve_meta_content_width":0,"neve_meta_title_alignment":"","neve_meta_author_avatar":"","neve_post_elements_order":"","neve_meta_disable_header":"on","neve_meta_disable_footer":"","neve_meta_disable_title":"off","jetpack_post_was_ever_published":false,"footnotes":""},"class_list":["post-7","page","type-page","status-publish","has-post-thumbnail","hentry"],"jetpack_sharing_enabled":true,"_links":{"self":[{"href":"https:\/\/gechter.org\/blog\/index.php?rest_route=\/wp\/v2\/pages\/7","targetHints":{"allow":["GET"]}}],"collection":[{"href":"https:\/\/gechter.org\/blog\/index.php?rest_route=\/wp\/v2\/pages"}],"about":[{"href":"https:\/\/gechter.org\/blog\/index.php?rest_route=\/wp\/v2\/types\/page"}],"author":[{"embeddable":true,"href":"https:\/\/gechter.org\/blog\/index.php?rest_route=\/wp\/v2\/users\/1"}],"replies":[{"embeddable":true,"href":"https:\/\/gechter.org\/blog\/index.php?rest_route=%2Fwp%2Fv2%2Fcomments&post=7"}],"version-history":[{"count":6,"href":"https:\/\/gechter.org\/blog\/index.php?rest_route=\/wp\/v2\/pages\/7\/revisions"}],"predecessor-version":[{"id":717,"href":"https:\/\/gechter.org\/blog\/index.php?rest_route=\/wp\/v2\/pages\/7\/revisions\/717"}],"wp:featuredmedia":[{"embeddable":true,"href":"https:\/\/gechter.org\/blog\/index.php?rest_route=\/wp\/v2\/media\/680"}],"wp:attachment":[{"href":"https:\/\/gechter.org\/blog\/index.php?rest_route=%2Fwp%2Fv2%2Fmedia&parent=7"}],"curies":[{"name":"wp","href":"https:\/\/api.w.org\/{rel}","templated":true}]}}