{"id":6,"date":"2021-11-03T23:43:11","date_gmt":"2021-11-03T22:43:11","guid":{"rendered":"http:\/\/www.gechter.org\/blog\/?page_id=6"},"modified":"2023-02-17T18:29:20","modified_gmt":"2023-02-17T17:29:20","slug":"a-propos-de","status":"publish","type":"page","link":"https:\/\/gechter.org\/blog\/?page_id=6","title":{"rendered":"\u00c0 propos de moi"},"content":{"rendered":"\n<figure class=\"wp-block-image size-large\"><img data-recalc-dims=\"1\" height=\"683\" width=\"1024\" decoding=\"async\" src=\"https:\/\/i0.wp.com\/www.gechter.org\/blog\/wp-content\/uploads\/2022\/01\/Moi-1024x683.jpg?resize=1024%2C683\" alt=\"\" class=\"wp-image-57\"\/><figcaption class=\"wp-element-caption\"><em>Copyright Anthony Chatain, 2012<\/em><\/figcaption><\/figure>\n\n\n\n<h2 class=\"alignwide has-text-align-wide has-gigantic-font-size wp-block-heading\" style=\"line-height:1.1\">Olivier GECHTER &#8211; Auteur<\/h2>\n\n\n\n<div style=\"height:43px\" aria-hidden=\"true\" class=\"wp-block-spacer\"><\/div>\n\n\n\n<p><\/p>\n\n\n\n<p>Olivier Gechter, auteur de <em>Requiem en catastrophe majeur<\/em> (ed. Mn\u00e9mos, 2022) est ing\u00e9nieur depuis 1996 et auteur depuis 2001 (il l&rsquo;\u00e9tait probablement avant sans le savoir). Il obtient le prix 85e dimension d\u00e8s sa premi\u00e8re nouvelle et le double prix Zone Franche en 2008. A ce jour, il a \u00e9crit plus d&rsquo;une quarantaine de nouvelles, publi\u00e9es en anthologies, revues ou dans son recueil <em>La Bo\u00eete de Schr\u00f6dinger<\/em> (ed. Voyel&rsquo;, 2013). Il passe au roman en 2010 avec <em>Evariste<\/em>, un roman de fantasy urbaine teint\u00e9 d&rsquo;humour, puis avec <em>le Baron Noir<\/em> en 2013 (deux livres disponibles aux \u00e9ditions Mn\u00e9mos).<\/p>\n\n\n\n<p>Amateur de cuisine, il co-r\u00e9dige <em>Mission Kitchenette<\/em>, avec le chef Frank Arif, et l&rsquo;anthologie <em>Marmite et Microondes<\/em> et aux \u00e9ditions G\u00e9phyre et pr\u00e9pare un ouvrage de cuisine post apocalyptique avec Christophe Lavelle, chercheur au CNRS.<\/p>\n\n\n\n<p>En parall\u00e8le, il contribue au podcast humoristique <em>Les Archives de l&rsquo;Insondables, <\/em>avec ses comp\u00e8res Vincent Corlaix et Dimitri R\u00e9gnier.<\/p>\n\n\n\n<div class=\"wp-block-columns alignwide are-vertically-aligned-top is-layout-flex wp-container-core-columns-is-layout-9d6595d7 wp-block-columns-is-layout-flex\">\n<div class=\"wp-block-column is-vertically-aligned-top is-layout-flow wp-block-column-is-layout-flow\">\n<h3 class=\"wp-block-heading\">Livres et nouvelles<\/h3>\n\n\n\n<p><a href=\"https:\/\/gechter.org\/blog\/index.php\/biblio\/\" data-type=\"page\" data-id=\"88\">Pas d&rsquo;auteur sans une bibliographie compl\u00e8te !<\/a><\/p>\n\n\n\n<p>Nouvelles et anthos<\/p>\n\n\n\n<p>Romans<\/p>\n\n\n\n<p>Cuisine<\/p>\n<\/div>\n\n\n\n<div class=\"wp-block-column is-vertically-aligned-top is-layout-flow wp-block-column-is-layout-flow\">\n<h3 class=\"wp-block-heading\">Podcasts, ateliers, blogs<\/h3>\n\n\n\n<p>Pourquoi se limiter \u00e0 l&rsquo;\u00e9crit quand on peut exp\u00e9rimenter les podcasts, \u00e9crire dans plusieurs blogs, faire des conf\u00e9rences dans des salons et sur youtube ?<\/p>\n\n\n\n<p>Les archives de l&rsquo;insondable (podcast)<\/p>\n\n\n\n<p>Vous aurez de nos nouvelles (podcast)<\/p>\n\n\n\n<p>Conf\u00e9rences en vid\u00e9o<\/p>\n\n\n\n<p><\/p>\n<\/div>\n\n\n\n<div class=\"wp-block-column is-vertically-aligned-top is-layout-flow wp-block-column-is-layout-flow\">\n<h3 class=\"wp-block-heading\">Les projets en cours ou pas<\/h3>\n\n\n\n<p>Un roman publi\u00e9 cache souvent plusieurs romans en cours. Une invitation \u00e0 un salon est g\u00e9n\u00e9ralement signe d&rsquo;une nouvelle command\u00e9e par l&rsquo;organisateur. <\/p>\n\n\n\n<p>Romans \u00e0 venir<\/p>\n\n\n\n<p>Nouvelles qui verront peut-\u00eatre le jour<\/p>\n\n\n\n<p>Autres projets<\/p>\n<\/div>\n<\/div>\n\n\n\n<p><\/p>\n\n\n\n<p><\/p>\n","protected":false},"excerpt":{"rendered":"<p>Olivier GECHTER &#8211; Auteur Olivier Gechter, auteur de Requiem en catastrophe majeur (ed. Mn\u00e9mos, 2022) est ing\u00e9nieur depuis 1996 et auteur depuis 2001 (il l&rsquo;\u00e9tait probablement avant sans le savoir). Il obtient le prix 85e dimension d\u00e8s sa premi\u00e8re nouvelle et le double prix Zone Franche en 2008. A ce jour, il a \u00e9crit plus&hellip;&nbsp;<a href=\"https:\/\/gechter.org\/blog\/?page_id=6\" class=\"\" rel=\"bookmark\">Lire la suite &raquo;<span class=\"screen-reader-text\">\u00c0 propos de moi<\/span><\/a><\/p>\n","protected":false},"author":1,"featured_media":343,"parent":0,"menu_order":0,"comment_status":"closed","ping_status":"closed","template":"","meta":{"neve_meta_sidebar":"","neve_meta_container":"","neve_meta_enable_content_width":"","neve_meta_content_width":0,"neve_meta_title_alignment":"","neve_meta_author_avatar":"","neve_post_elements_order":"","neve_meta_disable_header":"","neve_meta_disable_footer":"","neve_meta_disable_title":"","jetpack_post_was_ever_published":false,"footnotes":""},"class_list":["post-6","page","type-page","status-publish","has-post-thumbnail","hentry"],"jetpack_sharing_enabled":true,"_links":{"self":[{"href":"https:\/\/gechter.org\/blog\/index.php?rest_route=\/wp\/v2\/pages\/6","targetHints":{"allow":["GET"]}}],"collection":[{"href":"https:\/\/gechter.org\/blog\/index.php?rest_route=\/wp\/v2\/pages"}],"about":[{"href":"https:\/\/gechter.org\/blog\/index.php?rest_route=\/wp\/v2\/types\/page"}],"author":[{"embeddable":true,"href":"https:\/\/gechter.org\/blog\/index.php?rest_route=\/wp\/v2\/users\/1"}],"replies":[{"embeddable":true,"href":"https:\/\/gechter.org\/blog\/index.php?rest_route=%2Fwp%2Fv2%2Fcomments&post=6"}],"version-history":[{"count":9,"href":"https:\/\/gechter.org\/blog\/index.php?rest_route=\/wp\/v2\/pages\/6\/revisions"}],"predecessor-version":[{"id":535,"href":"https:\/\/gechter.org\/blog\/index.php?rest_route=\/wp\/v2\/pages\/6\/revisions\/535"}],"wp:featuredmedia":[{"embeddable":true,"href":"https:\/\/gechter.org\/blog\/index.php?rest_route=\/wp\/v2\/media\/343"}],"wp:attachment":[{"href":"https:\/\/gechter.org\/blog\/index.php?rest_route=%2Fwp%2Fv2%2Fmedia&parent=6"}],"curies":[{"name":"wp","href":"https:\/\/api.w.org\/{rel}","templated":true}]}}