{"id":212,"date":"2023-01-19T18:07:19","date_gmt":"2023-01-19T17:07:19","guid":{"rendered":"http:\/\/gechter.org\/blog\/?page_id=212"},"modified":"2023-02-03T18:41:48","modified_gmt":"2023-02-03T17:41:48","slug":"ateliers","status":"publish","type":"page","link":"https:\/\/gechter.org\/blog\/?page_id=212","title":{"rendered":"Ateliers, formations,"},"content":{"rendered":"\n<p>Depuis pr\u00e8s de dix ans, je propose des ateliers et des interventions en milieu professionnel ou scolaire, en r\u00e9gion parisienne ou ailleurs. D&rsquo;une dur\u00e9e allant de deux \u00e0 dix heures, avec une mise en application adapt\u00e9e \u00e0 la dur\u00e9e de l&rsquo;atelier, j&rsquo;interviens pour tout public. <\/p>\n\n\n\n<p class=\"has-nv-light-bg-background-color has-background\">Comptez 286,76 \u20ac HT pour un atelier de deux heures (<a href=\"https:\/\/gechter.org\/blog\/?page_id=467\" data-type=\"page\" data-id=\"467\">cliquez ici pour les tarifs d\u00e9taill\u00e9s<\/a>), temps de pr\u00e9paration ou de correction inclus. Frais de d\u00e9placement offerts sur Paris et r\u00e9gion parisienne. <br><a href=\"https:\/\/gechter.org\/blog\/index.php\/contact\/\" data-type=\"page\" data-id=\"7\">N&rsquo;h\u00e9sitez pas \u00e0 me demander un devis !<\/a><\/p>\n\n\n\n<p class=\"has-text-align-right\">Dix ans d&rsquo;exp\u00e9rience avec : <em>le Lyc\u00e9e Armand Carrel, EDF, Framatome, Assonance, la Ligue de l&rsquo;enseignement, Supelec<\/em>, <em>Innovaxiom, etc.<\/em><\/p>\n\n\n\n<hr class=\"wp-block-separator has-alpha-channel-opacity\"\/>\n\n\n\n<h1 class=\"wp-block-heading\">Ateliers dans les \u00e9coles<\/h1>\n\n\n\n<p>Les ateliers d&rsquo;\u00e9criture sont une bonne fa\u00e7on de r\u00e9concilier les \u00e9l\u00e8ves avec l&rsquo;\u00e9crit, leur faire d\u00e9couvrir le potentiel de cr\u00e9ativit\u00e9 qu&rsquo;ils poss\u00e8dent sans le savoir et leur faire d\u00e9couvrir les ficelles du m\u00e9tier d&rsquo;\u00e9crivain. Ces ateliers p\u00e9dagogiques peuvent faire partie d&rsquo;un projet sur deux ans et sont adapt\u00e9s \u00e0 tous les niveaux, de la premi\u00e8re professionnelle aux terminales litt\u00e9raires.&nbsp;<br>Chaque atelier est construit et ajust\u00e9 en collaboration avec le professeur. Ils peuvent donc \u00eatre adapt\u00e9s \u00e0 tout niveau, en coll\u00e8ge, lyc\u00e9e, lyc\u00e9e professionnel.<\/p>\n\n\n\n<hr class=\"wp-block-separator has-alpha-channel-opacity\"\/>\n\n\n\n<div class=\"wp-block-columns is-layout-flex wp-container-core-columns-is-layout-9d6595d7 wp-block-columns-is-layout-flex\">\n<div class=\"wp-block-column has-nv-site-bg-background-color has-background is-layout-flow wp-block-column-is-layout-flow\">\n<div class=\"wp-block-columns is-layout-flex wp-container-core-columns-is-layout-9d6595d7 wp-block-columns-is-layout-flex\">\n<div class=\"wp-block-column has-nv-text-dark-bg-background-color has-background is-layout-flow wp-block-column-is-layout-flow\" style=\"flex-basis:66.66%\">\n<h2 class=\"wp-block-heading\">Travailler la langue par l\u2019\u00e9criture de nouvelles<\/h2>\n\n\n\n<p>Quelles sont les sp\u00e9cificit\u00e9s de la nouvelle ? Comment trouve-t-on une id\u00e9e ? Comment la d\u00e9veloppe-t-on jusqu\u2019\u00e0 \u00e9crire une histoire compl\u00e8te ? Quel niveau de langage choisir pour son histoire ? Comment retravailler mon texte ? Par le biais de l\u2019\u00e9criture de fiction, le professeur peut faire sentir des notions qui pourraient \u00e9chapper aux \u00e9l\u00e8ves par le biais de la lecture seule. Les jeunes auteurs s\u2019approprient le langage, gagnent en confiance en d\u00e9couvrant qu\u2019ils peuvent aussi avoir des id\u00e9es, et d\u00e9couvrent le c\u00f4t\u00e9 ludique de la langue, qui peut leur avoir \u00e9chapp\u00e9.<\/p>\n<\/div>\n\n\n\n<div class=\"wp-block-column is-vertically-aligned-bottom has-nv-light-bg-background-color has-background is-layout-flow wp-block-column-is-layout-flow\" style=\"flex-basis:33.33%\">\n<ul class=\"wp-block-list\">\n<li>Nouvelles de genre libre ou impos\u00e9, th\u00e9matiques et contraintes \u00e0 d\u00e9finir avec le professeur.<\/li>\n\n\n\n<li>10 s\u00e9ances de 2 heures.<\/li>\n\n\n\n<li>Demi-groupes ou classe enti\u00e8re<\/li>\n\n\n\n<li><strong>Ces ateliers peuvent \u00eatre adapt\u00e9s aux \u00e9l\u00e8ves dysorthographiques<\/strong>.<\/li>\n<\/ul>\n<\/div>\n<\/div>\n\n\n\n<div class=\"wp-block-columns is-layout-flex wp-container-core-columns-is-layout-9d6595d7 wp-block-columns-is-layout-flex\">\n<div class=\"wp-block-column is-layout-flow wp-block-column-is-layout-flow\" style=\"flex-basis:66.66%\">\n<h2 class=\"wp-block-heading\">Atelier ludique : \u00e9crire des micronouvelles<\/h2>\n\n\n\n<p>Apr\u00e8s une petite formation sur la recherche d\u2019id\u00e9es, je tire des th\u00e8mes ou des mots cl\u00e9s au hasard et j&rsquo;invite chacun \u00e0 \u00e9crire une histoire de 300 caract\u00e8res ou moins sur cette m\u00eame base de d\u00e9part. Les histoires sont partag\u00e9es entre les participants.<\/p>\n<\/div>\n\n\n\n<div class=\"wp-block-column is-vertically-aligned-bottom has-nv-light-bg-background-color has-background is-layout-flow wp-block-column-is-layout-flow\" style=\"flex-basis:33.33%\">\n<ul class=\"wp-block-list\">\n<li>Une ou deux s\u00e9ances de 2 heures<\/li>\n\n\n\n<li>Demi-groupes ou classes enti\u00e8res.<\/li>\n\n\n\n<li>Un petit recueil peut-\u00eatre imprim\u00e9 en option<\/li>\n<\/ul>\n<\/div>\n<\/div>\n\n\n\n<div class=\"wp-block-columns is-layout-flex wp-container-core-columns-is-layout-9d6595d7 wp-block-columns-is-layout-flex\">\n<div class=\"wp-block-column is-layout-flow wp-block-column-is-layout-flow\" style=\"flex-basis:66.66%\">\n<h2 class=\"wp-block-heading\">R\u00e9alisez votre fanzine<\/h2>\n\n\n\n<p>Profitez de l\u2019exp\u00e9rience d\u2019un ancien r\u00e9dacteur en chef de fanzine pour proposer \u00e0 vos \u00e9l\u00e8ves de cr\u00e9er une revue unique, qui sera un souvenir de l\u2019ann\u00e9e (et une mani\u00e8re d\u00e9tourn\u00e9e de leur faire aimer l\u2019\u00e9criture, fourbes que nous sommes). Th\u00e9matiques, articles, nouvelles, \u00e9dito, illustration, mise en page, tous les aspects du travail de r\u00e9daction seront abord\u00e9s.&nbsp;<\/p>\n<\/div>\n\n\n\n<div class=\"wp-block-column is-vertically-aligned-bottom has-nv-light-bg-background-color has-background is-layout-flow wp-block-column-is-layout-flow\" style=\"flex-basis:33.33%\">\n<ul class=\"wp-block-list\">\n<li>10 s\u00e9ances de 2 heures<\/li>\n\n\n\n<li>Demi-groupes ou classes enti\u00e8res.<\/li>\n\n\n\n<li>Utilisation de logiciels gratuits (Scribus, Inkscape)<\/li>\n\n\n\n<li>Format final PDF ou papier, suivant les budgets<\/li>\n<\/ul>\n<\/div>\n<\/div>\n<\/div>\n<\/div>\n\n\n\n<hr class=\"wp-block-separator has-alpha-channel-opacity\"\/>\n\n\n\n<div class=\"wp-block-columns is-layout-flex wp-container-core-columns-is-layout-9d6595d7 wp-block-columns-is-layout-flex\">\n<div class=\"wp-block-column is-layout-flow wp-block-column-is-layout-flow\">\n<h1 class=\"wp-block-heading\">Entreprises, institutions, grandes \u00e9coles<\/h1>\n\n\n\n<h3 class=\"wp-block-heading\">Ateliers cr\u00e9ativit\u00e9s : trouvez et am\u00e9liorez vos id\u00e9es<\/h3>\n\n\n\n<p>La cr\u00e9ativit\u00e9 des employ\u00e9s est une richesse de l\u2019entreprise. Mais les id\u00e9es ne tombent pas du ciel, pas plus qu\u2019elles ne sortent toutes arm\u00e9es de la cuisse de Jupiter. Les id\u00e9es peuvent \u00e9merger par des techniques d\u2019id\u00e9ation et se bonifier par des m\u00e9thodes de cr\u00e9ativit\u00e9. Du remue-m\u00e9ninge au cadavre exquis, en passant par la technique du d\u00e9calage et la m\u00e9thode Canvas, nous verrons comment cr\u00e9er et am\u00e9liorer les id\u00e9es de business\u2026 mais pas que.<\/p>\n\n\n\n<p><em>Dur\u00e9e : minimum 1\/2 journ\u00e9e. Jusqu\u2019\u00e0 deux jours pour un atelier avec cas concrets apport\u00e9s par les candidats.<\/em><\/p>\n\n\n\n<h3 class=\"wp-block-heading\">Pitch perfect ! Apprenez \u00e0 pitcher<\/h3>\n\n\n\n<p>Un jour ou l\u2019autre, vous devrez vendre votre id\u00e9e \u00e0 un financier, un d\u00e9cideur. Vous n\u2019aurez que quelques minutes pour le faire. Comment extraire les id\u00e9es, comment les mettre en ordre, pour \u00eatre clair en 5-10 ou 15 minutes maximum ? C\u2019est ce que je vous propose d\u2019apprendre dans cette formation, donn\u00e9e chez Framatome et Edvance depuis plus de 5 ans pour tous les finalistes des challenges de l\u2019innovation.<\/p>\n\n\n\n<p><em>Dur\u00e9e : demi-journ\u00e9e, sur des pr\u00e9sentations pr\u00e9par\u00e9es \u00e0 l\u2019avance par des candidats. Ajoutez 1\/2 journ\u00e9e pour r\u00e9diger les pr\u00e9sentations \u00e0 partir de z\u00e9ro.<\/em><\/p>\n\n\n\n<h3 class=\"wp-block-heading\">Biblioth\u00e8ques, m\u00e9diath\u00e8ques\u2026<\/h3>\n\n\n\n<p>Atelier ludique : &nbsp;\u00ab&nbsp;Micronouvelles&nbsp;\u00bb, lectures, conf\u00e9rences\u2026 Je suis ouvert \u00e0 toutes les formules. N\u2019h\u00e9sitez pas \u00e0 me contacter !<\/p>\n<\/div>\n<\/div>\n","protected":false},"excerpt":{"rendered":"<p>Depuis pr\u00e8s de dix ans, je propose des ateliers et des interventions en milieu professionnel ou scolaire, en r\u00e9gion parisienne ou ailleurs. D&rsquo;une dur\u00e9e allant de deux \u00e0 dix heures, avec une mise en application adapt\u00e9e \u00e0 la dur\u00e9e de l&rsquo;atelier, j&rsquo;interviens pour tout public. Comptez 286,76 \u20ac HT pour un atelier de deux heures&hellip;&nbsp;<a href=\"https:\/\/gechter.org\/blog\/?page_id=212\" class=\"\" rel=\"bookmark\">Lire la suite &raquo;<span class=\"screen-reader-text\">Ateliers, formations,<\/span><\/a><\/p>\n","protected":false},"author":1,"featured_media":439,"parent":0,"menu_order":0,"comment_status":"closed","ping_status":"closed","template":"","meta":{"neve_meta_sidebar":"","neve_meta_container":"","neve_meta_enable_content_width":"","neve_meta_content_width":0,"neve_meta_title_alignment":"","neve_meta_author_avatar":"","neve_post_elements_order":"","neve_meta_disable_header":"","neve_meta_disable_footer":"","neve_meta_disable_title":"","jetpack_post_was_ever_published":false,"footnotes":""},"class_list":["post-212","page","type-page","status-publish","has-post-thumbnail","hentry"],"jetpack_sharing_enabled":true,"_links":{"self":[{"href":"https:\/\/gechter.org\/blog\/index.php?rest_route=\/wp\/v2\/pages\/212","targetHints":{"allow":["GET"]}}],"collection":[{"href":"https:\/\/gechter.org\/blog\/index.php?rest_route=\/wp\/v2\/pages"}],"about":[{"href":"https:\/\/gechter.org\/blog\/index.php?rest_route=\/wp\/v2\/types\/page"}],"author":[{"embeddable":true,"href":"https:\/\/gechter.org\/blog\/index.php?rest_route=\/wp\/v2\/users\/1"}],"replies":[{"embeddable":true,"href":"https:\/\/gechter.org\/blog\/index.php?rest_route=%2Fwp%2Fv2%2Fcomments&post=212"}],"version-history":[{"count":28,"href":"https:\/\/gechter.org\/blog\/index.php?rest_route=\/wp\/v2\/pages\/212\/revisions"}],"predecessor-version":[{"id":468,"href":"https:\/\/gechter.org\/blog\/index.php?rest_route=\/wp\/v2\/pages\/212\/revisions\/468"}],"wp:featuredmedia":[{"embeddable":true,"href":"https:\/\/gechter.org\/blog\/index.php?rest_route=\/wp\/v2\/media\/439"}],"wp:attachment":[{"href":"https:\/\/gechter.org\/blog\/index.php?rest_route=%2Fwp%2Fv2%2Fmedia&parent=212"}],"curies":[{"name":"wp","href":"https:\/\/api.w.org\/{rel}","templated":true}]}}